{"id":2,"date":"2019-07-11T12:49:19","date_gmt":"2019-07-11T12:49:19","guid":{"rendered":"http:\/\/karnansukuseura.fi\/?page_id=2"},"modified":"2026-02-19T13:17:32","modified_gmt":"2026-02-19T13:17:32","slug":"sample-page","status":"publish","type":"page","link":"http:\/\/karnansukuseura.fi\/index.php\/sample-page\/","title":{"rendered":"Tapaamiset"},"content":{"rendered":"\n<p><strong>K\u00c4RN\u00c4N SUKUSEURAN KOKOONTUMISPAIKAT TOIMINTAVUOSIEN AIKANA:<\/strong><\/p>\n\n\n\n<p>v<strong>.1982 Joensuu, Karjalatalon kabinetti. Perustava kokous, paikalla 4 henkil\u00f6\u00e4<\/strong><\/p>\n\n\n\n<p><strong>v.1983 Ilomantsi ravintola Sirmakka, paikalla 27 henkil\u00f6\u00e4<\/strong><\/p>\n\n\n\n<p><strong>v.1984 Kiihtelysvaara Suojapirtti, paikalla 39 henkil\u00f6\u00e4<\/strong><\/p>\n\n\n\n<p><strong>v.1985 Joensuu ravintola PK, paikalla 79 henkil\u00f6\u00e4<\/strong><\/p>\n\n\n\n<p><strong>v.1986 Kuhmo hotelli Kainuu, paikalla 110 henkil\u00f6\u00e4<br>\n\u2013 sukuseuran s\u00e4\u00e4nt\u00f6jen muuttaminen, hallitukseen valitaan 9 j\u00e4sent\u00e4<\/strong><\/p>\n\n\n\n<p><strong>v.1987 Ilomantsi (tilastotiedot puuttuvat)<\/strong><\/p>\n\n\n\n<p><strong>v.1988 Paltamo Mieslahden opisto, paikalla 80 henkil\u00f6\u00e4<br>\n\u2013 hyv\u00e4ksyttiin Raija Laakson suunnittelema sukuseuran standaari<\/strong><\/p>\n\n\n\n<p><strong>v.1989 Kuopio hotelli Savonia, paikalla 97 henkil\u00f6\u00e4<br>\n\u2013 Oiva K\u00e4rn\u00e4 kutsuttiin kunniapuheenjohtajaksi<br>\n\u2013 S\u00e4\u00e4nt\u00f6jen uudistus: sukuseuran esimiehen valitsee vuosikokous<br>\n\u2013 vanhojen s\u00e4\u00e4nt\u00f6jen mukaisesti hallitus valitsi uudeksi sukuseuran esimieheksi Tarmo K\u00e4rn\u00e4n<\/strong><\/p>\n\n\n\n<p><strong>v.1990 Lappaj\u00e4rvi hotelli Kivitippu, paikalla 210 henkil\u00f6\u00e4<\/strong><\/p>\n\n\n\n<p><strong>v.1991 Kuusamo hotelli Kuusamo, paikalla 132 henkil\u00f6\u00e4<br>\n\u2013 toimintakertomuksen mukaan sukuseurassa on 221 henkil\u00f6\u00e4<\/strong><\/p>\n\n\n\n<p><strong>v.1992 Joensuu hotelli Kimmel, paikalla 127 henkil\u00f6\u00e4<\/strong><\/p>\n\n\n\n<p><strong>v.1993 Vammala hotelli Ellinvuori, paikalla 100 henkil\u00f6\u00e4<br>\n\u2013 vuosikokouksen p\u00e4\u00e4t\u00f6ksell\u00e4 sukuseura eroaa sukuseurojen liitosta<\/strong><\/p>\n\n\n\n<p><strong>v.1994 Oulu hotelli Rantasipi, paikalla 86 henkil\u00f6\u00e4<\/strong><\/p>\n\n\n\n<p><strong>v.1995 Kuopio hotelli Savonia, paikalla 86 henkil\u00f6\u00e4<\/strong><\/p>\n\n\n\n<p><strong>v.1996 Jyv\u00e4skyl\u00e4 hotelli Primus, paikalla 23 henkil\u00f6\u00e4<\/strong><\/p>\n\n\n\n<p><strong>v.1997 Helsinki Merihotelli, paikalla 43 henkil\u00f6\u00e4<\/strong><\/p>\n\n\n\n<p><strong>v.1998 Mikkeli Visulahti, paikalla 70 henkil\u00f6\u00e4<\/strong><\/p>\n\n\n\n<p><strong>v.1999 Joensuu Kimmel, paikalla 66 henkil\u00f6\u00e4<\/strong><\/p>\n\n\n\n<p><strong>v.2000 Sotkamo hotelli Tulikettu, paikalla 69 henkil\u00f6\u00e4<\/strong><\/p>\n\n\n\n<p><strong>v.2001 Kuhmo hotelli Kalevala, paikalla 63 henkil\u00f6\u00e4<\/strong><\/p>\n\n\n\n<p><strong>v.2002 Kiihtelysvaara hotelli Loitsuvaara, paikalla 72 henkil\u00f6\u00e4<\/strong><\/p>\n\n\n\n<p><strong>v.2003 Hein\u00e4vedell\u00e4 Uusi-Valamossa, paikalla 73 henkil\u00f6\u00e4<\/strong><\/p>\n\n\n\n<p><strong>v.2004 Savitaipaleella Olkkolan Hovissa, paikalla 57 henkil\u00f6\u00e4<\/strong><\/p>\n\n\n\n<p><strong>v.2005 Lappaj\u00e4rvell\u00e4 Kyr\u00f6nniemen leirikeskus, paikalla 211 henkil\u00f6\u00e4<br>\n\u2013 sukujuhlassa koulutuskeskuksessa oli arviolta 230 henkil\u00f6\u00e4, joista \nuusia osallistujia useita kymmeni\u00e4, koska tilaisuudessa julkaistiin \nPohjanmaan K\u00e4rnien Sukukirja<\/strong><\/p>\n\n\n\n<p><strong>v.2006 Raahessa hotelli Raahen Hovissa, paikalla 37 henkil\u00f6\u00e4<\/strong><\/p>\n\n\n\n<p><strong>v.2007 Nurmeksessa Bomba-talolla, paikalla 76 henkil\u00f6\u00e4<\/strong><\/p>\n\n\n\n<p><strong>v.2008 \u00c4ht\u00e4riss\u00e4 hotelli Mesik\u00e4mmeness\u00e4, paikalla 41 henkil\u00f6\u00e4<\/strong><\/p>\n\n\n\n<p><strong>v.2009 Iisalmessa hotelli Koljonvirrassa, paikalla 40 henkil\u00f6\u00e4<\/strong><\/p>\n\n\n\n<p><strong>v.2010 Siilinj\u00e4rvi Kunnonpaikka, paikalla 38 henkil\u00f6\u00e4<\/strong><\/p>\n\n\n\n<p><strong>v.2011 Imatra Imatran kylpyl\u00e4, paikalla 32 henkil\u00f6\u00e4<\/strong><\/p>\n\n\n\n<p><strong>v.2012 Joensuu hotelli Kimmeli, paikalla 65 henkil\u00f6\u00e4<br>\n\u2013 sukuseuran 30-vuotisjuhlakokous<\/strong><\/p>\n\n\n\n<p><strong>v.2013 Siilinj\u00e4rvi Kunnonpaikka, paikalla 26 henkil\u00f6\u00e4<\/strong><\/p>\n\n\n\n<p><strong>v.2014 Lappaj\u00e4rvi hotelli Kivitippu, paikalla 35 henkil\u00f6\u00e4<\/strong><\/p>\n\n\n\n<p><strong>v.2015 Siilinj\u00e4rvi Kunnonpaikka, paikalla 22 henkil\u00f6\u00e4<\/strong><\/p>\n\n\n\n<p><strong>v.2016 Siilinj\u00e4rvi Kunnonpaikka, paikalla 21 henkil\u00f6\u00e4<\/strong><\/p>\n\n\n\n<p><strong>v.2017 Vuosikokous ja kes\u00e4tapahtuma Joensuu Hotelli Kimmel, paikalla 16 henkil\u00f6\u00e4<\/strong><\/p>\n\n\n\n<p><strong>v. 2018 Kes\u00e4tapahtuma Lappaj\u00e4rvi Hotelli Kivitippu, paikalla 26 henkil\u00f6\u00e4<\/strong><\/p>\n\n\n\n<p><strong>v. 2019 Vuosikokous ja kes\u00e4tapahtuma Suomussalmi Hotelli Kiannon Kuohut, paikalla 28 henkil\u00f6\u00e4<\/strong><\/p>\n\n\n\n<p><strong>v. 2020 Kes\u00e4tapahtuma piti j\u00e4rjest\u00e4\u00e4 Kylpyl\u00e4 Hotelli Rauhalahdessa, mutta koronaepidemian takia tapaaminen peruttiin<\/strong>.<\/p>\n\n\n\n<p><strong>v. 2021 Vuosikokous ja kes\u00e4tapahtuma Kylpyl\u00e4hotelli Rauhalahdessa, paikalla 12 j\u00e4sent\u00e4 ja kaksi ei j\u00e4sent\u00e4.<\/strong><\/p>\n\n\n\n<p><strong>v. 2022 Kes\u00e4tapaaminen Joensuussa Hotelli Kimmeliss\u00e4.<\/strong><\/p>\n\n\n\n<p>Tapaaminen oli samalla sukuseuran 40-vuotisjuhla. Mukana 29 henkil\u00f6\u00e4. Joensuun kaupungoin tertvehdyksen tapaamiseen toi kaupungin hallituksen puheenjohtaja Jere Nuutinen. Sukuseuran historiakatsausken menneilt\u00e4 vuosilta pitiv\u00e4t Seija M ja Yrj\u00f6 K\u00e4rn\u00e4. Osalliostujilleoli tarjolla opastettu kiertoajelu teemalla  &#8221;Joensuu, puun ja virran kaupunki&#8221;. Iltaohjelmassa oli runoja mm. edesmenneen sukumme j\u00e4senen Elsa Siraisen runokokoelmasta. Runoja esittiv\u00e4t Elsan lapsenlapset Sanna ja Suvi. Joensuun kaupunginteatterin n\u00e4yttelij\u00e4 Kirsi K\u00e4rn\u00e4 esitti monologin n\u00e4yttelij\u00e4 Niina K\u00e4rn\u00e4st\u00e4, joka on ollut innoittajana omalle uralleen. Lis\u00e4ksi kuultiin esitelm\u00e4 j\u00e4\u00e4k\u00e4rikapteeni Toivo K\u00e4rn\u00e4st\u00e4. Toivo K\u00e4rn\u00e4\u00e4 pidet\u00e4\u00e4n V\u00e4in\u00f6 Linnan kirjoittaman Tuntemattoman sotilaan kapteeni Kaarnan esikuvana.<\/p>\n\n\n\n<p><strong>v.2023 Sukukokous Lappaj\u00e4rvell\u00e4 Hotelli Kivitipussa<\/strong><\/p>\n\n\n\n<p>Vuosi oli sukuseuran virallinen sukukokousvuosi. Kokous pidettiin Lappaj\u00e4rvell\u00e4 Hotelli Kivitipussa. Mukana oli 18 osallistujaa, joista j\u00e4seni\u00e4 15. Lauantain ohjelmassa oli mm. jalkautuminen Lappaj\u00e4rven torille, Lappaj\u00e4rven yritt\u00e4jien j\u00e4rjest\u00e4miklle markkinoille. Torilla seuralla oli tarjolla sukuseuran myyt\u00e4vi\u00e4 tuotteita ja sukukirjoja. Lauantaina iltap\u00e4iv\u00e4ll\u00e4 oli mahdollisuus osalllistua Lappaj\u00e4rven kes\u00e4teatterin esitykseen &#8221;Kolmas py\u00f6r\u00e4&#8221;.<\/p>\n\n\n\n<p><strong>v.2024 Kes\u00e4tapaamista ei j\u00e4rjestetty vaan panostettiin vuoden 2025 sukukokoukseen<\/strong><\/p>\n\n\n\n<p><strong>v. 2025 Sukukokous Kiteell\u00e4 Koivikon Kartanolla<\/strong><\/p>\n\n\n\n<p>Vuosi oli sukuseuran virallinen sukukokousvuosi. Kokous pidettiin Kiteen Puhoksessa Koivikon kartanolla. Mukana oli 19 osallistujaa. Lauantain ohjelmassa oli mahdollista vierailla Puhoksen perinnep\u00e4ivill\u00e4 Vanhassa Puhoksessa. Illalla oli ohjelmassa ruokailu, sukutarinoita ja arpajaiset. Sunnuntain sukukokouksen j\u00e4lkeen kokoontui Janne ja Ida K\u00e4rn\u00e4n sukuhaaran serkut Koivikon kievarissa seurustelun ja lounaan merkeiss\u00e4.<\/p>\n","protected":false},"excerpt":{"rendered":"<p>K\u00c4RN\u00c4N SUKUSEURAN KOKOONTUMISPAIKAT TOIMINTAVUOSIEN AIKANA: v.1982 Joensuu, Karjalatalon kabinetti. Perustava kokous, paikalla 4 henkil\u00f6\u00e4 v.1983 Ilomantsi ravintola Sirmakka, paikalla 27 henkil\u00f6\u00e4 v.1984 Kiihtelysvaara Suojapirtti, paikalla 39 henkil\u00f6\u00e4 v.1985 Joensuu ravintola PK, paikalla 79 henkil\u00f6\u00e4 v.1986 Kuhmo hotelli Kainuu, paikalla 110 henkil\u00f6\u00e4 \u2013 sukuseuran s\u00e4\u00e4nt\u00f6jen muuttaminen, hallitukseen valitaan 9 j\u00e4sent\u00e4 v.1987 Ilomantsi (tilastotiedot puuttuvat) v.1988 Paltamo [&hellip;]<\/p>\n","protected":false},"author":1,"featured_media":0,"parent":0,"menu_order":5,"comment_status":"closed","ping_status":"closed","template":"","meta":{"footnotes":""},"class_list":["post-2","page","type-page","status-publish","hentry"],"jetpack_sharing_enabled":true,"_links":{"self":[{"href":"http:\/\/karnansukuseura.fi\/index.php\/wp-json\/wp\/v2\/pages\/2","targetHints":{"allow":["GET"]}}],"collection":[{"href":"http:\/\/karnansukuseura.fi\/index.php\/wp-json\/wp\/v2\/pages"}],"about":[{"href":"http:\/\/karnansukuseura.fi\/index.php\/wp-json\/wp\/v2\/types\/page"}],"author":[{"embeddable":true,"href":"http:\/\/karnansukuseura.fi\/index.php\/wp-json\/wp\/v2\/users\/1"}],"replies":[{"embeddable":true,"href":"http:\/\/karnansukuseura.fi\/index.php\/wp-json\/wp\/v2\/comments?post=2"}],"version-history":[{"count":14,"href":"http:\/\/karnansukuseura.fi\/index.php\/wp-json\/wp\/v2\/pages\/2\/revisions"}],"predecessor-version":[{"id":1326,"href":"http:\/\/karnansukuseura.fi\/index.php\/wp-json\/wp\/v2\/pages\/2\/revisions\/1326"}],"wp:attachment":[{"href":"http:\/\/karnansukuseura.fi\/index.php\/wp-json\/wp\/v2\/media?parent=2"}],"curies":[{"name":"wp","href":"https:\/\/api.w.org\/{rel}","templated":true}]}}