{"id":13,"date":"2019-07-16T14:50:31","date_gmt":"2019-07-16T14:50:31","guid":{"rendered":"http:\/\/karnansukuseura.fi\/?page_id=13"},"modified":"2026-02-19T12:39:12","modified_gmt":"2026-02-19T12:39:12","slug":"yhteystiedot","status":"publish","type":"page","link":"http:\/\/karnansukuseura.fi\/index.php\/yhteystiedot\/","title":{"rendered":"Yhteystiedot"},"content":{"rendered":"\n<figure class=\"wp-block-image size-large is-resized\"><img loading=\"lazy\" decoding=\"async\" width=\"881\" height=\"207\" src=\"http:\/\/karnansukuseura.fi\/wp-content\/uploads\/2021\/02\/Karna-logo.jpg\" alt=\"\" class=\"wp-image-452\" style=\"width:397px;height:93px\" srcset=\"http:\/\/karnansukuseura.fi\/wp-content\/uploads\/2021\/02\/Karna-logo.jpg 881w, http:\/\/karnansukuseura.fi\/wp-content\/uploads\/2021\/02\/Karna-logo-300x70.jpg 300w, http:\/\/karnansukuseura.fi\/wp-content\/uploads\/2021\/02\/Karna-logo-768x180.jpg 768w\" sizes=\"auto, (max-width: 881px) 100vw, 881px\" \/><\/figure>\n\n\n\n<p>Instagram: <a href=\"https:\/\/www.instagram.com\/karnan_sukuseura\/\" data-type=\"URL\" data-id=\"https:\/\/www.instagram.com\/karnan_sukuseura\/\">https:\/\/www.instagram.com\/karnan_sukuseura\/<\/a><\/p>\n\n\n\n<p>Facebook: <a href=\"https:\/\/www.facebook.com\/people\/K%C3%A4rn%C3%A4n-Sukuseura-Ry\/100067310139906\/\" data-type=\"URL\" data-id=\"https:\/\/www.facebook.com\/people\/K%C3%A4rn%C3%A4n-Sukuseura-Ry\/100067310139906\/\">https:\/\/www.facebook.com\/people\/K%C3%A4rn%C3%A4n-Sukuseura-Ry\/100067310139906\/<\/a><\/p>\n\n\n\n<p>Osoite: Laatokankatu 7 A 2 80200 Joensuu<\/p>\n\n\n\n<p>Pankkiyhteys: Danske Bank FI50 8146 9710 2685 99<\/p>\n\n\n\n<h3 class=\"wp-block-heading\"><strong>Sukuseuran hallitus<\/strong><\/h3>\n\n\n\n<p><strong>Seija A K\u00e4rn\u00e4<\/strong> puheenjohtaja <a href=\"mailto:seija.a.karna@gmail.com\">seija.a.karna(at)gmail.com<\/a><\/p>\n\n\n\n<p><strong>Katriina Lahti<\/strong> varapuheenjohtaja\/rahastonhoitaja <a href=\"mailto:katriina.lahti54@gmail.com\">katriina.lahti54(at)gmail.com<\/a><\/p>\n\n\n\n<p><strong>Seppo Sirainen<\/strong> sihteeri <a href=\"mailto:seppo.sirainen@telemail.fi\">seppo.sirainen(at<\/a>)<a href=\"mailto:seppo.sirainen@telemail.fi\">telemail.fi<\/a><\/p>\n\n\n\n<p><strong>Jarno K\u00e4rn\u00e4<\/strong> j\u00e4sen <a href=\"mailto:jarno.karna@siunsote.fi\">jarno.karna(at)siunsote.fi<\/a><\/p>\n\n\n\n<p><strong>Juho K\u00e4rn\u00e4<\/strong> j\u00e4sen <a href=\"mailto:juhojkr@gmail.com\">juhojkr(at)gmail.com<\/a><\/p>\n\n\n\n<p><strong>Seija M K\u00e4rn\u00e4<\/strong> j\u00e4sen <a href=\"mailto:seija_yki@hotmail.com\">seija_yki@hotmail.com<\/a><\/p>\n\n\n\n<p><strong>Ulla Karhunen<\/strong> j\u00e4sen <a href=\"mailto:salokarhu@kuopiolainen.com\">salokarhu@gmail.com<\/a><\/p>\n\n\n\n<p><strong>Yrj\u00f6 K\u00e4rn\u00e4<\/strong> j\u00e4sen <a href=\"mailto:seija_yki@hotmail.com\">seija_yki(at)hotmail.com<\/a><\/p>\n\n\n\n<p><strong>K\u00e4rn\u00e4n sukuseuran s\u00e4hk\u00f6postiosoite on<\/strong>  karnansuku(at)karnansukuseura.fi <\/p>\n\n\n\n<p>Alla olevalla yhteydenotto lomakkeella voit laittaa meille viesti\u00e4!<\/p>\n\n\n\n<div class=\"wpcf7 no-js\" id=\"wpcf7-f306-o1\" lang=\"fi\" dir=\"ltr\" data-wpcf7-id=\"306\">\n<div class=\"screen-reader-response\"><p role=\"status\" aria-live=\"polite\" aria-atomic=\"true\"><\/p> <ul><\/ul><\/div>\n<form action=\"\/index.php\/wp-json\/wp\/v2\/pages\/13#wpcf7-f306-o1\" method=\"post\" class=\"wpcf7-form init\" aria-label=\"Yhteydenottolomake\" novalidate=\"novalidate\" data-status=\"init\">\n<fieldset class=\"hidden-fields-container\"><input type=\"hidden\" name=\"_wpcf7\" value=\"306\" \/><input type=\"hidden\" name=\"_wpcf7_version\" value=\"6.1.5\" \/><input type=\"hidden\" name=\"_wpcf7_locale\" value=\"fi\" \/><input type=\"hidden\" name=\"_wpcf7_unit_tag\" value=\"wpcf7-f306-o1\" \/><input type=\"hidden\" name=\"_wpcf7_container_post\" value=\"0\" \/><input type=\"hidden\" name=\"_wpcf7_posted_data_hash\" value=\"\" \/>\n<\/fieldset>\n<p><label> Nimi (pakollinen)<br \/>\n<span class=\"wpcf7-form-control-wrap\" data-name=\"your-name\"><input size=\"40\" maxlength=\"400\" class=\"wpcf7-form-control wpcf7-text wpcf7-validates-as-required\" aria-required=\"true\" aria-invalid=\"false\" value=\"\" type=\"text\" name=\"your-name\" \/><\/span> <\/label>\n<\/p>\n<p><label> S\u00e4hk\u00f6posti (pakollinen)<br \/>\n<span class=\"wpcf7-form-control-wrap\" data-name=\"your-email\"><input size=\"40\" maxlength=\"400\" class=\"wpcf7-form-control wpcf7-email wpcf7-validates-as-required wpcf7-text wpcf7-validates-as-email\" aria-required=\"true\" aria-invalid=\"false\" value=\"\" type=\"email\" name=\"your-email\" \/><\/span> <\/label>\n<\/p>\n<p><label> Aihe<br \/>\n<span class=\"wpcf7-form-control-wrap\" data-name=\"your-subject\"><input size=\"40\" maxlength=\"400\" class=\"wpcf7-form-control wpcf7-text\" aria-invalid=\"false\" value=\"\" type=\"text\" name=\"your-subject\" \/><\/span> <\/label>\n<\/p>\n<p><label> Viesti<br \/>\n<span class=\"wpcf7-form-control-wrap\" data-name=\"your-message\"><textarea cols=\"40\" rows=\"10\" maxlength=\"2000\" class=\"wpcf7-form-control wpcf7-textarea\" aria-invalid=\"false\" name=\"your-message\"><\/textarea><\/span> <\/label>\n<\/p>\n<p><input class=\"wpcf7-form-control wpcf7-submit has-spinner\" type=\"submit\" value=\"L\u00e4het\u00e4\" \/>\n<\/p><p style=\"display: none !important;\" class=\"akismet-fields-container\" data-prefix=\"_wpcf7_ak_\"><label>&#916;<textarea name=\"_wpcf7_ak_hp_textarea\" cols=\"45\" rows=\"8\" maxlength=\"100\"><\/textarea><\/label><input type=\"hidden\" id=\"ak_js_1\" name=\"_wpcf7_ak_js\" value=\"237\"\/><script type=\"text\/javascript\">\n\/* <![CDATA[ *\/\ndocument.getElementById( \"ak_js_1\" ).setAttribute( \"value\", ( new Date() ).getTime() );\n\/* ]]> *\/\n<\/script>\n<\/p><div class=\"wpcf7-response-output\" aria-hidden=\"true\"><\/div>\n<\/form>\n<\/div>\n\n","protected":false},"excerpt":{"rendered":"<p>Instagram: https:\/\/www.instagram.com\/karnan_sukuseura\/ Facebook: https:\/\/www.facebook.com\/people\/K%C3%A4rn%C3%A4n-Sukuseura-Ry\/100067310139906\/ Osoite: Laatokankatu 7 A 2 80200 Joensuu Pankkiyhteys: Danske Bank FI50 8146 9710 2685 99 Sukuseuran hallitus Seija A K\u00e4rn\u00e4 puheenjohtaja seija.a.karna(at)gmail.com Katriina Lahti varapuheenjohtaja\/rahastonhoitaja katriina.lahti54(at)gmail.com Seppo Sirainen sihteeri seppo.sirainen(at)telemail.fi Jarno K\u00e4rn\u00e4 j\u00e4sen jarno.karna(at)siunsote.fi Juho K\u00e4rn\u00e4 j\u00e4sen juhojkr(at)gmail.com Seija M K\u00e4rn\u00e4 j\u00e4sen seija_yki@hotmail.com Ulla Karhunen j\u00e4sen salokarhu@gmail.com Yrj\u00f6 K\u00e4rn\u00e4 j\u00e4sen seija_yki(at)hotmail.com [&hellip;]<\/p>\n","protected":false},"author":1,"featured_media":0,"parent":0,"menu_order":3,"comment_status":"closed","ping_status":"closed","template":"","meta":{"footnotes":""},"class_list":["post-13","page","type-page","status-publish","hentry"],"jetpack_sharing_enabled":true,"_links":{"self":[{"href":"http:\/\/karnansukuseura.fi\/index.php\/wp-json\/wp\/v2\/pages\/13","targetHints":{"allow":["GET"]}}],"collection":[{"href":"http:\/\/karnansukuseura.fi\/index.php\/wp-json\/wp\/v2\/pages"}],"about":[{"href":"http:\/\/karnansukuseura.fi\/index.php\/wp-json\/wp\/v2\/types\/page"}],"author":[{"embeddable":true,"href":"http:\/\/karnansukuseura.fi\/index.php\/wp-json\/wp\/v2\/users\/1"}],"replies":[{"embeddable":true,"href":"http:\/\/karnansukuseura.fi\/index.php\/wp-json\/wp\/v2\/comments?post=13"}],"version-history":[{"count":20,"href":"http:\/\/karnansukuseura.fi\/index.php\/wp-json\/wp\/v2\/pages\/13\/revisions"}],"predecessor-version":[{"id":1320,"href":"http:\/\/karnansukuseura.fi\/index.php\/wp-json\/wp\/v2\/pages\/13\/revisions\/1320"}],"wp:attachment":[{"href":"http:\/\/karnansukuseura.fi\/index.php\/wp-json\/wp\/v2\/media?parent=13"}],"curies":[{"name":"wp","href":"https:\/\/api.w.org\/{rel}","templated":true}]}}