{"id":10,"date":"2019-07-16T14:50:31","date_gmt":"2019-07-16T14:50:31","guid":{"rendered":"http:\/\/karnansukuseura.fi\/?page_id=10"},"modified":"2024-10-06T13:17:27","modified_gmt":"2024-10-06T13:17:27","slug":"tietoja","status":"publish","type":"page","link":"http:\/\/karnansukuseura.fi\/index.php\/tietoja\/","title":{"rendered":"K\u00e4rn\u00e4-tuotteet"},"content":{"rendered":"\n<p><strong>Alla olevalla lomakkeella voit tilata K\u00e4rn\u00e4n sukuseuran tuotteita. <\/strong><\/p>\n\n\n\n<p><strong>T\u00e4yt\u00e4 lomakkeeseen:<\/strong><\/p>\n\n\n\n<p><strong> Nimi<\/strong> <strong>ja s\u00e4hk\u00f6postiosoite<\/strong><\/p>\n\n\n\n<p><strong>Aiheeksi: tilaus<\/strong><\/p>\n\n\n\n<p><strong> Viestikentt\u00e4\u00e4n kirjoita mist\u00e4 tuotteesta on kysymys, tuotteen koko ja haluttu kappalem\u00e4\u00e4r\u00e4.<\/strong><\/p>\n\n\n\n<p><strong>Ilmoita my\u00f6s mill\u00e4 tavalla haluat tuotteen toimituksen.<\/strong> <strong>Tuote voidaan toimittaa postipakettina, jolloin hintaan lis\u00e4t\u00e4\u00e4n toimituskulut. Myyt\u00e4v\u00e4n\u00e4 olevien tuotteiden kuvat ja hinnat l\u00f6ytyv\u00e4t selaamalla sivua alasp\u00e4in.<\/strong><\/p>\n\n\n\n<p>HUOM! Lis\u00e4\u00e4 tuotteita tulossa sivuille, ajankohtaisimman tuotekatalogin l\u00f6yd\u00e4t painikkeesta: <\/p>\n\n\n\n<div class=\"wp-block-buttons is-layout-flex wp-block-buttons-is-layout-flex\">\n<div class=\"wp-block-button\"><a class=\"wp-block-button__link wp-element-button\" href=\"https:\/\/www.instagram.com\/karnan_sukuseura\/\">Instagramissa olevat ajankohtaisimmat tuotteet<\/a><\/div>\n\n\n<\/div>\n\n\n\n<p><strong> Tuote tilauslomake<\/strong>:<\/p>\n\n\n\n<div class=\"wpcf7 no-js\" id=\"wpcf7-f306-o1\" lang=\"fi\" dir=\"ltr\" data-wpcf7-id=\"306\">\n<div class=\"screen-reader-response\"><p role=\"status\" aria-live=\"polite\" aria-atomic=\"true\"><\/p> <ul><\/ul><\/div>\n<form action=\"\/index.php\/wp-json\/wp\/v2\/pages\/10#wpcf7-f306-o1\" method=\"post\" class=\"wpcf7-form init\" aria-label=\"Yhteydenottolomake\" novalidate=\"novalidate\" data-status=\"init\">\n<fieldset class=\"hidden-fields-container\"><input type=\"hidden\" name=\"_wpcf7\" value=\"306\" \/><input type=\"hidden\" name=\"_wpcf7_version\" value=\"6.1.5\" \/><input type=\"hidden\" name=\"_wpcf7_locale\" value=\"fi\" \/><input type=\"hidden\" name=\"_wpcf7_unit_tag\" value=\"wpcf7-f306-o1\" \/><input type=\"hidden\" name=\"_wpcf7_container_post\" value=\"0\" \/><input type=\"hidden\" name=\"_wpcf7_posted_data_hash\" value=\"\" \/>\n<\/fieldset>\n<p><label> Nimi (pakollinen)<br \/>\n<span class=\"wpcf7-form-control-wrap\" data-name=\"your-name\"><input size=\"40\" maxlength=\"400\" class=\"wpcf7-form-control wpcf7-text wpcf7-validates-as-required\" aria-required=\"true\" aria-invalid=\"false\" value=\"\" type=\"text\" name=\"your-name\" \/><\/span> <\/label>\n<\/p>\n<p><label> S\u00e4hk\u00f6posti (pakollinen)<br \/>\n<span class=\"wpcf7-form-control-wrap\" data-name=\"your-email\"><input size=\"40\" maxlength=\"400\" class=\"wpcf7-form-control wpcf7-email wpcf7-validates-as-required wpcf7-text wpcf7-validates-as-email\" aria-required=\"true\" aria-invalid=\"false\" value=\"\" type=\"email\" name=\"your-email\" \/><\/span> <\/label>\n<\/p>\n<p><label> Aihe<br \/>\n<span class=\"wpcf7-form-control-wrap\" data-name=\"your-subject\"><input size=\"40\" maxlength=\"400\" class=\"wpcf7-form-control wpcf7-text\" aria-invalid=\"false\" value=\"\" type=\"text\" name=\"your-subject\" \/><\/span> <\/label>\n<\/p>\n<p><label> Viesti<br \/>\n<span class=\"wpcf7-form-control-wrap\" data-name=\"your-message\"><textarea cols=\"40\" rows=\"10\" maxlength=\"2000\" class=\"wpcf7-form-control wpcf7-textarea\" aria-invalid=\"false\" name=\"your-message\"><\/textarea><\/span> <\/label>\n<\/p>\n<p><input class=\"wpcf7-form-control wpcf7-submit has-spinner\" type=\"submit\" value=\"L\u00e4het\u00e4\" \/>\n<\/p><p style=\"display: none !important;\" class=\"akismet-fields-container\" data-prefix=\"_wpcf7_ak_\"><label>&#916;<textarea name=\"_wpcf7_ak_hp_textarea\" cols=\"45\" rows=\"8\" maxlength=\"100\"><\/textarea><\/label><input type=\"hidden\" id=\"ak_js_1\" name=\"_wpcf7_ak_js\" value=\"16\"\/><script type=\"text\/javascript\">\n\/* <![CDATA[ *\/\ndocument.getElementById( \"ak_js_1\" ).setAttribute( \"value\", ( new Date() ).getTime() );\n\/* ]]> *\/\n<\/script>\n<\/p><div class=\"wpcf7-response-output\" aria-hidden=\"true\"><\/div>\n<\/form>\n<\/div>\n\n\n\n\n<figure class=\"wp-block-image size-large is-resized\"><img loading=\"lazy\" decoding=\"async\" width=\"1024\" height=\"1024\" src=\"http:\/\/karnansukuseura.fi\/wp-content\/uploads\/2023\/07\/karnan-sukuseuran-tuotteet-muki-1024x1024.jpg\" alt=\"\" class=\"wp-image-1029\" style=\"width:347px;height:347px\" srcset=\"http:\/\/karnansukuseura.fi\/wp-content\/uploads\/2023\/07\/karnan-sukuseuran-tuotteet-muki-1024x1024.jpg 1024w, http:\/\/karnansukuseura.fi\/wp-content\/uploads\/2023\/07\/karnan-sukuseuran-tuotteet-muki-300x300.jpg 300w, http:\/\/karnansukuseura.fi\/wp-content\/uploads\/2023\/07\/karnan-sukuseuran-tuotteet-muki-150x150.jpg 150w, http:\/\/karnansukuseura.fi\/wp-content\/uploads\/2023\/07\/karnan-sukuseuran-tuotteet-muki-768x768.jpg 768w, http:\/\/karnansukuseura.fi\/wp-content\/uploads\/2023\/07\/karnan-sukuseuran-tuotteet-muki-1536x1536.jpg 1536w, http:\/\/karnansukuseura.fi\/wp-content\/uploads\/2023\/07\/karnan-sukuseuran-tuotteet-muki-1440x1440.jpg 1440w, http:\/\/karnansukuseura.fi\/wp-content\/uploads\/2023\/07\/karnan-sukuseuran-tuotteet-muki.jpg 1920w\" sizes=\"auto, (max-width: 1024px) 100vw, 1024px\" \/><\/figure>\n\n\n\n<p>Muki mustalla tai vihre\u00e4ll\u00e4 reunuksella 20\u20ac\/kpl<\/p>\n\n\n\n<figure class=\"wp-block-image size-large is-resized\"><img loading=\"lazy\" decoding=\"async\" width=\"768\" height=\"1024\" src=\"http:\/\/karnansukuseura.fi\/wp-content\/uploads\/2020\/02\/IMG-20200129-WA0003-768x1024.jpg\" alt=\"\" class=\"wp-image-393\" style=\"width:352px;height:469px\" srcset=\"http:\/\/karnansukuseura.fi\/wp-content\/uploads\/2020\/02\/IMG-20200129-WA0003-768x1024.jpg 768w, http:\/\/karnansukuseura.fi\/wp-content\/uploads\/2020\/02\/IMG-20200129-WA0003-225x300.jpg 225w, http:\/\/karnansukuseura.fi\/wp-content\/uploads\/2020\/02\/IMG-20200129-WA0003-1152x1536.jpg 1152w, http:\/\/karnansukuseura.fi\/wp-content\/uploads\/2020\/02\/IMG-20200129-WA0003.jpg 1200w\" sizes=\"auto, (max-width: 768px) 100vw, 768px\" \/><\/figure>\n\n\n\n<p>Lappaj\u00e4rven Kuningas Taavetti K\u00e4rn\u00e4- sukukirja 8\u20ac\/kpl +postit<\/p>\n\n\n\n<figure class=\"wp-block-image size-large is-resized\"><img loading=\"lazy\" decoding=\"async\" width=\"768\" height=\"1024\" src=\"http:\/\/karnansukuseura.fi\/wp-content\/uploads\/2020\/09\/IMG-20200823-WA0000-2-768x1024.jpg\" alt=\"\" class=\"wp-image-431\" style=\"width:339px;height:452px\" srcset=\"http:\/\/karnansukuseura.fi\/wp-content\/uploads\/2020\/09\/IMG-20200823-WA0000-2-768x1024.jpg 768w, http:\/\/karnansukuseura.fi\/wp-content\/uploads\/2020\/09\/IMG-20200823-WA0000-2-225x300.jpg 225w, http:\/\/karnansukuseura.fi\/wp-content\/uploads\/2020\/09\/IMG-20200823-WA0000-2.jpg 868w\" sizes=\"auto, (max-width: 768px) 100vw, 768px\" \/><\/figure>\n\n\n\n<p>Keraaminen, K\u00e4rn\u00e4-logolla varustettu j\u00e4\u00e4kappimagneetti Made by Ulla Karhunen. Kokoja on kaksi, toinen halkaisijaltaan noin 5 cm ja toinen noin 3 cm. 3cm:n magneettia voi k\u00e4ytt\u00e4\u00e4 my\u00f6s rintaneulana. Silloin siihen kiinnitet\u00e4\u00e4n kiinnitysneula magneetin tilalle. Suuremman hinta on 8 \u20ac\/kpl ja pienemm\u00e4n 5 \u20ac\/kpl<\/p>\n\n\n\n<figure class=\"wp-block-image size-large is-resized\"><img loading=\"lazy\" decoding=\"async\" width=\"768\" height=\"1024\" src=\"http:\/\/karnansukuseura.fi\/wp-content\/uploads\/2020\/11\/IMG-20201028-WA0000-768x1024.jpg\" alt=\"\" class=\"wp-image-437\" style=\"width:446px;height:594px\" srcset=\"http:\/\/karnansukuseura.fi\/wp-content\/uploads\/2020\/11\/IMG-20201028-WA0000-768x1024.jpg 768w, http:\/\/karnansukuseura.fi\/wp-content\/uploads\/2020\/11\/IMG-20201028-WA0000-225x300.jpg 225w, http:\/\/karnansukuseura.fi\/wp-content\/uploads\/2020\/11\/IMG-20201028-WA0000-1152x1536.jpg 1152w, http:\/\/karnansukuseura.fi\/wp-content\/uploads\/2020\/11\/IMG-20201028-WA0000.jpg 1200w\" sizes=\"auto, (max-width: 768px) 100vw, 768px\" \/><\/figure>\n\n\n\n<p>esimerkki rintaneulasta 5\u20ac\/kpl<\/p>\n\n\n\n<p><\/p>\n\n\n\n<figure class=\"wp-block-image size-large is-resized\"><img loading=\"lazy\" decoding=\"async\" width=\"1024\" height=\"768\" src=\"http:\/\/karnansukuseura.fi\/wp-content\/uploads\/2020\/12\/IMG-20201211-WA0001-1024x768.jpg\" alt=\"\" class=\"wp-image-445\" style=\"width:350px;height:263px\" srcset=\"http:\/\/karnansukuseura.fi\/wp-content\/uploads\/2020\/12\/IMG-20201211-WA0001-1024x768.jpg 1024w, http:\/\/karnansukuseura.fi\/wp-content\/uploads\/2020\/12\/IMG-20201211-WA0001-300x225.jpg 300w, http:\/\/karnansukuseura.fi\/wp-content\/uploads\/2020\/12\/IMG-20201211-WA0001-768x576.jpg 768w, http:\/\/karnansukuseura.fi\/wp-content\/uploads\/2020\/12\/IMG-20201211-WA0001-1536x1152.jpg 1536w, http:\/\/karnansukuseura.fi\/wp-content\/uploads\/2020\/12\/IMG-20201211-WA0001-1440x1080.jpg 1440w, http:\/\/karnansukuseura.fi\/wp-content\/uploads\/2020\/12\/IMG-20201211-WA0001.jpg 1600w\" sizes=\"auto, (max-width: 1024px) 100vw, 1024px\" \/><\/figure>\n\n\n\n<p>Esimerkki laattaan liimatusta keraamisesta K\u00e4rn\u00e4logosta. T\u00e4m\u00e4n voi kiinnitt\u00e4\u00e4 mm. hautakiveen. Hinta 20 \u20ac\/kpl<\/p>\n\n\n\n<p style=\"font-size:13px\"><\/p>\n\n\n\n<figure class=\"wp-block-image size-large is-resized\"><img loading=\"lazy\" decoding=\"async\" width=\"768\" height=\"1024\" src=\"http:\/\/karnansukuseura.fi\/wp-content\/uploads\/2021\/04\/IMG-20210411-WA0000-768x1024.jpg\" alt=\"\" class=\"wp-image-567\" style=\"width:338px;height:450px\" srcset=\"http:\/\/karnansukuseura.fi\/wp-content\/uploads\/2021\/04\/IMG-20210411-WA0000-768x1024.jpg 768w, http:\/\/karnansukuseura.fi\/wp-content\/uploads\/2021\/04\/IMG-20210411-WA0000-225x300.jpg 225w, http:\/\/karnansukuseura.fi\/wp-content\/uploads\/2021\/04\/IMG-20210411-WA0000-1152x1536.jpg 1152w, http:\/\/karnansukuseura.fi\/wp-content\/uploads\/2021\/04\/IMG-20210411-WA0000.jpg 1200w\" sizes=\"auto, (max-width: 768px) 100vw, 768px\" \/><\/figure>\n\n\n\n<p>Kylpypyyhe 70&#215;140 cm valkoinen 26 \u20ac\/kpl<\/p>\n\n\n\n<figure class=\"wp-block-image size-large is-resized\"><img loading=\"lazy\" decoding=\"async\" width=\"768\" height=\"1024\" src=\"http:\/\/karnansukuseura.fi\/wp-content\/uploads\/2021\/04\/IMG-20210411-WA0001-768x1024.jpg\" alt=\"\" class=\"wp-image-568\" style=\"width:337px;height:449px\" srcset=\"http:\/\/karnansukuseura.fi\/wp-content\/uploads\/2021\/04\/IMG-20210411-WA0001-768x1024.jpg 768w, http:\/\/karnansukuseura.fi\/wp-content\/uploads\/2021\/04\/IMG-20210411-WA0001-225x300.jpg 225w, http:\/\/karnansukuseura.fi\/wp-content\/uploads\/2021\/04\/IMG-20210411-WA0001-1152x1536.jpg 1152w, http:\/\/karnansukuseura.fi\/wp-content\/uploads\/2021\/04\/IMG-20210411-WA0001.jpg 1200w\" sizes=\"auto, (max-width: 768px) 100vw, 768px\" \/><\/figure>\n\n\n\n<p>Kylpypyyhe 70x 140 cm harmaa 26 \u20ac\/kpl<\/p>\n\n\n\n<figure class=\"wp-block-image size-full is-resized\"><img loading=\"lazy\" decoding=\"async\" width=\"250\" height=\"250\" src=\"http:\/\/karnansukuseura.fi\/wp-content\/uploads\/2023\/07\/karnan-sukuseuran-tuotteet-2-e1690646930314.jpg\" alt=\"\" class=\"wp-image-1028\" style=\"width:355px;height:355px\" srcset=\"http:\/\/karnansukuseura.fi\/wp-content\/uploads\/2023\/07\/karnan-sukuseuran-tuotteet-2-e1690646930314.jpg 250w, http:\/\/karnansukuseura.fi\/wp-content\/uploads\/2023\/07\/karnan-sukuseuran-tuotteet-2-e1690646930314-150x150.jpg 150w\" sizes=\"auto, (max-width: 250px) 100vw, 250px\" \/><\/figure>\n\n\n\n<p>Kylpypyyhe 70&#215;140 cm sininen 26\u20ac\/kpl<\/p>\n\n\n\n<figure class=\"wp-block-image size-large is-resized\"><img loading=\"lazy\" decoding=\"async\" width=\"768\" height=\"1024\" src=\"http:\/\/karnansukuseura.fi\/wp-content\/uploads\/2021\/04\/IMG-20210411-WA0002-768x1024.jpg\" alt=\"\" class=\"wp-image-569\" style=\"width:420px;height:560px\" srcset=\"http:\/\/karnansukuseura.fi\/wp-content\/uploads\/2021\/04\/IMG-20210411-WA0002-768x1024.jpg 768w, http:\/\/karnansukuseura.fi\/wp-content\/uploads\/2021\/04\/IMG-20210411-WA0002-225x300.jpg 225w, http:\/\/karnansukuseura.fi\/wp-content\/uploads\/2021\/04\/IMG-20210411-WA0002-1152x1536.jpg 1152w, http:\/\/karnansukuseura.fi\/wp-content\/uploads\/2021\/04\/IMG-20210411-WA0002.jpg 1200w\" sizes=\"auto, (max-width: 768px) 100vw, 768px\" \/><\/figure>\n\n\n\n<p>Kylpypyyhe 70&#215;140 cm vihre\u00e4 26 \u20ac\/kpl<\/p>\n\n\n\n<figure class=\"wp-block-image size-full is-resized\"><img loading=\"lazy\" decoding=\"async\" width=\"250\" height=\"250\" src=\"http:\/\/karnansukuseura.fi\/wp-content\/uploads\/2023\/07\/mnqgy853.png\" alt=\"\" class=\"wp-image-1027\" style=\"width:358px;height:358px\" srcset=\"http:\/\/karnansukuseura.fi\/wp-content\/uploads\/2023\/07\/mnqgy853.png 250w, http:\/\/karnansukuseura.fi\/wp-content\/uploads\/2023\/07\/mnqgy853-150x150.png 150w\" sizes=\"auto, (max-width: 250px) 100vw, 250px\" \/><\/figure>\n\n\n\n<p>Kylpypyyhe 70&#215;140 cm oranssi 26\u20ac\/kpl<\/p>\n\n\n\n<p><\/p>\n\n\n\n<figure class=\"wp-block-image size-large is-resized\"><img loading=\"lazy\" decoding=\"async\" width=\"768\" height=\"1024\" src=\"http:\/\/karnansukuseura.fi\/wp-content\/uploads\/2021\/04\/IMG-20210411-WA0003-768x1024.jpg\" alt=\"\" class=\"wp-image-570\" style=\"width:420px;height:560px\" srcset=\"http:\/\/karnansukuseura.fi\/wp-content\/uploads\/2021\/04\/IMG-20210411-WA0003-768x1024.jpg 768w, http:\/\/karnansukuseura.fi\/wp-content\/uploads\/2021\/04\/IMG-20210411-WA0003-225x300.jpg 225w, http:\/\/karnansukuseura.fi\/wp-content\/uploads\/2021\/04\/IMG-20210411-WA0003-1152x1536.jpg 1152w, http:\/\/karnansukuseura.fi\/wp-content\/uploads\/2021\/04\/IMG-20210411-WA0003.jpg 1200w\" sizes=\"auto, (max-width: 768px) 100vw, 768px\" \/><\/figure>\n\n\n\n<p>Kylpypyyhe 70&#215;140 cm vaaleansininen 26 \u20ac\/kpl<\/p>\n\n\n\n<figure class=\"wp-block-image size-large is-resized\"><img loading=\"lazy\" decoding=\"async\" width=\"1024\" height=\"855\" src=\"http:\/\/karnansukuseura.fi\/wp-content\/uploads\/2021\/09\/20210703_181319_LI-scaled-e1690648688270-1024x855.jpg\" alt=\"\" class=\"wp-image-646\" style=\"width:429px;height:358px\" srcset=\"http:\/\/karnansukuseura.fi\/wp-content\/uploads\/2021\/09\/20210703_181319_LI-scaled-e1690648688270-1024x855.jpg 1024w, http:\/\/karnansukuseura.fi\/wp-content\/uploads\/2021\/09\/20210703_181319_LI-scaled-e1690648688270-300x251.jpg 300w, http:\/\/karnansukuseura.fi\/wp-content\/uploads\/2021\/09\/20210703_181319_LI-scaled-e1690648688270-768x641.jpg 768w, http:\/\/karnansukuseura.fi\/wp-content\/uploads\/2021\/09\/20210703_181319_LI-scaled-e1690648688270-1536x1283.jpg 1536w, http:\/\/karnansukuseura.fi\/wp-content\/uploads\/2021\/09\/20210703_181319_LI-scaled-e1690648688270-1440x1203.jpg 1440w, http:\/\/karnansukuseura.fi\/wp-content\/uploads\/2021\/09\/20210703_181319_LI-scaled-e1690648688270.jpg 1984w\" sizes=\"auto, (max-width: 1024px) 100vw, 1024px\" \/><\/figure>\n\n\n\n<p>Essu<br>Saatavissa tilauksesta logolla varustettuna 30\u20ac ja logolla ja nimell\u00e4 varustettuna 38\u20ac<\/p>\n\n\n\n<figure class=\"wp-block-image size-large is-resized\"><img loading=\"lazy\" decoding=\"async\" width=\"1024\" height=\"768\" src=\"http:\/\/karnansukuseura.fi\/wp-content\/uploads\/2023\/07\/karnan-sukuseura-tuotteet.jpg-pipot-1024x768.jpg\" alt=\"\" class=\"wp-image-1032\" style=\"width:397px;height:294px\" srcset=\"http:\/\/karnansukuseura.fi\/wp-content\/uploads\/2023\/07\/karnan-sukuseura-tuotteet.jpg-pipot-1024x768.jpg 1024w, http:\/\/karnansukuseura.fi\/wp-content\/uploads\/2023\/07\/karnan-sukuseura-tuotteet.jpg-pipot-300x225.jpg 300w, http:\/\/karnansukuseura.fi\/wp-content\/uploads\/2023\/07\/karnan-sukuseura-tuotteet.jpg-pipot-768x576.jpg 768w, http:\/\/karnansukuseura.fi\/wp-content\/uploads\/2023\/07\/karnan-sukuseura-tuotteet.jpg-pipot-1536x1152.jpg 1536w, http:\/\/karnansukuseura.fi\/wp-content\/uploads\/2023\/07\/karnan-sukuseura-tuotteet.jpg-pipot-1440x1080.jpg 1440w, http:\/\/karnansukuseura.fi\/wp-content\/uploads\/2023\/07\/karnan-sukuseura-tuotteet.jpg-pipot.jpg 2048w\" sizes=\"auto, (max-width: 1024px) 100vw, 1024px\" \/><\/figure>\n\n\n\n<p>Pipo v\u00e4reiss\u00e4 pinkki, sininen, vihre\u00e4 ja harmaa<\/p>\n\n\n\n<p>Saatavana tilauksesta logolla varustettuna 15\u20ac ja logolla ja nimell\u00e4 varustettuna 23\u20ac<\/p>\n\n\n\n<figure class=\"wp-block-image size-full is-resized\"><img loading=\"lazy\" decoding=\"async\" width=\"720\" height=\"720\" src=\"http:\/\/karnansukuseura.fi\/wp-content\/uploads\/2023\/07\/karnan-sukuseura-tuotteet.jpg-uistin.jpg\" alt=\"\" class=\"wp-image-1033\" style=\"width:300px;height:300px\" srcset=\"http:\/\/karnansukuseura.fi\/wp-content\/uploads\/2023\/07\/karnan-sukuseura-tuotteet.jpg-uistin.jpg 720w, http:\/\/karnansukuseura.fi\/wp-content\/uploads\/2023\/07\/karnan-sukuseura-tuotteet.jpg-uistin-300x300.jpg 300w, http:\/\/karnansukuseura.fi\/wp-content\/uploads\/2023\/07\/karnan-sukuseura-tuotteet.jpg-uistin-150x150.jpg 150w\" sizes=\"auto, (max-width: 720px) 100vw, 720px\" \/><\/figure>\n\n\n\n<p>K\u00e4rn\u00e4-logollinen vaappu puisessa lahjarasiassa 45\u20ac<\/p>\n\n\n\n<figure class=\"wp-block-image size-large is-resized\"><img loading=\"lazy\" decoding=\"async\" width=\"816\" height=\"1024\" src=\"http:\/\/karnansukuseura.fi\/wp-content\/uploads\/2023\/07\/karnan-sukuseura-tuotteet.jpg-kynttil-e1690649801778-816x1024.jpg\" alt=\"\" class=\"wp-image-1034\" style=\"width:303px;height:380px\" srcset=\"http:\/\/karnansukuseura.fi\/wp-content\/uploads\/2023\/07\/karnan-sukuseura-tuotteet.jpg-kynttil-e1690649801778-816x1024.jpg 816w, http:\/\/karnansukuseura.fi\/wp-content\/uploads\/2023\/07\/karnan-sukuseura-tuotteet.jpg-kynttil-e1690649801778-239x300.jpg 239w, http:\/\/karnansukuseura.fi\/wp-content\/uploads\/2023\/07\/karnan-sukuseura-tuotteet.jpg-kynttil-e1690649801778-768x964.jpg 768w, http:\/\/karnansukuseura.fi\/wp-content\/uploads\/2023\/07\/karnan-sukuseura-tuotteet.jpg-kynttil-e1690649801778.jpg 1080w\" sizes=\"auto, (max-width: 816px) 100vw, 816px\" \/><\/figure>\n\n\n\n<p>P\u00f6yt\u00e4kynttil\u00e4 5\u20ac\/kpl<\/p>\n","protected":false},"excerpt":{"rendered":"<p>Alla olevalla lomakkeella voit tilata K\u00e4rn\u00e4n sukuseuran tuotteita. T\u00e4yt\u00e4 lomakkeeseen: Nimi ja s\u00e4hk\u00f6postiosoite Aiheeksi: tilaus Viestikentt\u00e4\u00e4n kirjoita mist\u00e4 tuotteesta on kysymys, tuotteen koko ja haluttu kappalem\u00e4\u00e4r\u00e4. Ilmoita my\u00f6s mill\u00e4 tavalla haluat tuotteen toimituksen. Tuote voidaan toimittaa postipakettina, jolloin hintaan lis\u00e4t\u00e4\u00e4n toimituskulut. Myyt\u00e4v\u00e4n\u00e4 olevien tuotteiden kuvat ja hinnat l\u00f6ytyv\u00e4t selaamalla sivua alasp\u00e4in. HUOM! Lis\u00e4\u00e4 tuotteita tulossa [&hellip;]<\/p>\n","protected":false},"author":1,"featured_media":0,"parent":0,"menu_order":2,"comment_status":"closed","ping_status":"closed","template":"","meta":{"footnotes":""},"class_list":["post-10","page","type-page","status-publish","hentry"],"jetpack_sharing_enabled":true,"_links":{"self":[{"href":"http:\/\/karnansukuseura.fi\/index.php\/wp-json\/wp\/v2\/pages\/10","targetHints":{"allow":["GET"]}}],"collection":[{"href":"http:\/\/karnansukuseura.fi\/index.php\/wp-json\/wp\/v2\/pages"}],"about":[{"href":"http:\/\/karnansukuseura.fi\/index.php\/wp-json\/wp\/v2\/types\/page"}],"author":[{"embeddable":true,"href":"http:\/\/karnansukuseura.fi\/index.php\/wp-json\/wp\/v2\/users\/1"}],"replies":[{"embeddable":true,"href":"http:\/\/karnansukuseura.fi\/index.php\/wp-json\/wp\/v2\/comments?post=10"}],"version-history":[{"count":46,"href":"http:\/\/karnansukuseura.fi\/index.php\/wp-json\/wp\/v2\/pages\/10\/revisions"}],"predecessor-version":[{"id":1204,"href":"http:\/\/karnansukuseura.fi\/index.php\/wp-json\/wp\/v2\/pages\/10\/revisions\/1204"}],"wp:attachment":[{"href":"http:\/\/karnansukuseura.fi\/index.php\/wp-json\/wp\/v2\/media?parent=10"}],"curies":[{"name":"wp","href":"https:\/\/api.w.org\/{rel}","templated":true}]}}